{"id":8,"date":"2021-12-15T20:39:38","date_gmt":"2021-12-16T01:39:38","guid":{"rendered":"https:\/\/maluropainfantil.com\/?page_id=8"},"modified":"2022-02-04T01:35:21","modified_gmt":"2022-02-04T06:35:21","slug":"nosotros","status":"publish","type":"page","link":"https:\/\/maluropainfantil.com\/index.php\/nosotros\/","title":{"rendered":"Nosotros"},"content":{"rendered":"<p>[vc_row][vc_column][vc_column_text]<\/p>\n<p>Somos una empresa dedicada a la confecci\u00f3n de ropa infantil para ni\u00f1os y ni\u00f1as hasta los 24 meses.<\/p>\n<p>[\/vc_column_text][\/vc_column][\/vc_row]<\/p>\n","protected":false},"excerpt":{"rendered":"<p>[vc_row][vc_column][vc_column_text] Somos una empresa dedicada a la confecci\u00f3n de ropa infantil para ni\u00f1os y ni\u00f1as hasta los 24 meses. [\/vc_column_text][\/vc_column][\/vc_row]<\/p>\n","protected":false},"author":1,"featured_media":0,"parent":0,"menu_order":0,"comment_status":"closed","ping_status":"closed","template":"","meta":{"footnotes":""},"class_list":["post-8","page","type-page","status-publish","hentry"],"jetpack_sharing_enabled":true,"_links":{"self":[{"href":"https:\/\/maluropainfantil.com\/index.php\/wp-json\/wp\/v2\/pages\/8","targetHints":{"allow":["GET"]}}],"collection":[{"href":"https:\/\/maluropainfantil.com\/index.php\/wp-json\/wp\/v2\/pages"}],"about":[{"href":"https:\/\/maluropainfantil.com\/index.php\/wp-json\/wp\/v2\/types\/page"}],"author":[{"embeddable":true,"href":"https:\/\/maluropainfantil.com\/index.php\/wp-json\/wp\/v2\/users\/1"}],"replies":[{"embeddable":true,"href":"https:\/\/maluropainfantil.com\/index.php\/wp-json\/wp\/v2\/comments?post=8"}],"version-history":[{"count":3,"href":"https:\/\/maluropainfantil.com\/index.php\/wp-json\/wp\/v2\/pages\/8\/revisions"}],"predecessor-version":[{"id":2874,"href":"https:\/\/maluropainfantil.com\/index.php\/wp-json\/wp\/v2\/pages\/8\/revisions\/2874"}],"wp:attachment":[{"href":"https:\/\/maluropainfantil.com\/index.php\/wp-json\/wp\/v2\/media?parent=8"}],"curies":[{"name":"wp","href":"https:\/\/api.w.org\/{rel}","templated":true}]}}