{"id":32,"date":"2022-02-04T09:56:14","date_gmt":"2022-02-04T14:56:14","guid":{"rendered":"https:\/\/maluropainfantil.com\/?page_id=32"},"modified":"2022-02-04T10:17:09","modified_gmt":"2022-02-04T15:17:09","slug":"politicas","status":"publish","type":"page","link":"https:\/\/maluropainfantil.com\/index.php\/politicas\/","title":{"rendered":"Pol\u00edticas"},"content":{"rendered":"<p><\/p><p><\/p><p><\/p><p><\/p><p><h3>Al utilizar nuestros servicios, nos conf\u00edas tus datos.<\/h3>\n<h4>Entendemos que es una gran responsabilidad y nos esforzamos al m\u00e1ximo para proteger tu informaci\u00f3n.<\/h4>\n<h2><strong>Este sitio web utiliza tecnolog\u00edas SSL y TSL de cifrado para seguridad cibern\u00e9tica<\/strong>.<\/h2>\n<p><strong>Apreciado Usuario:<\/strong> este sitio web tiene como funci\u00f3n principal la venta y promocion de nuestros productos para ni\u00f1os, as\u00ed como recoger datos de nuestros clientes y publico objetivo para brindar una adecuada atenci\u00f3n al cliente.<\/p>\n<p>&nbsp;<\/p>\n<h3><strong>INFORMACI\u00d3N RELEVANTE<\/strong><\/h3>\n<p>Es requisito necesario para el uso de los&nbsp; servicios que se ofrecen en este sitio, que lea y acepte los siguientes T\u00e9rminos y Condiciones que a continuaci\u00f3n se redactan. El uso de nuestros servicios&nbsp; implicar\u00e1 que usted ha le\u00eddo y aceptado los T\u00e9rminos y Condiciones de Uso en el presente documento.<\/p>\n<p>&nbsp;<\/p>\n<h3><strong>Aceptaci\u00f3n de T\u00e9rminos<\/strong><\/h3>\n<p>Se presume que cuando un usuario accede al sitio Web lo hace bajo su total responsabilidad y que, por tanto, acepta plenamente y sin reservas el contenido de los t\u00e9rminos y condiciones de uso del sitio se reserva, en todos los sentidos, el derecho de actualizar y modificar en cualquier momento y de cualquier forma, de manera unilateral y sin previo aviso, las presentes condiciones de uso, pol\u00edticas de privacidad y los contenidos de la p\u00e1gina.<\/p>\n<p>&nbsp;<\/p>\n<p><strong>Modificaciones a las condiciones de uso<\/strong><\/p>\n<p>MALU&nbsp; podr\u00e1 modificar las Condiciones de Uso aqu\u00ed contenidos, a su libre elecci\u00f3n y en cualquier momento y los mismos estar\u00e1n vigentes una vez hayan publicado en la p\u00e1gina Web.<\/p>\n<p>El Usuario se compromete a revisar peri\u00f3dicamente esta secci\u00f3n para estar informado de tales modificaciones y cada nuevo acceso del usuario a la p\u00e1gina ser\u00e1 considerado una aceptaci\u00f3n t\u00e1cita de las nuevas condiciones.<\/p>\n<p>&nbsp;<\/p>\n<h3><strong>Participaci\u00f3n dentro del Sitio Web<\/strong><\/h3>\n<p>Por el hecho de ingresar al Sitio Web y para garantizar el buen y adecuado uso del mismo, el usuario reconoce que MALU se reserva el derecho de:<\/p>\n<p>\u2013 Negar el registro a cualquier persona, en cualquier momento y por cualquier raz\u00f3n.<\/p>\n<p>\u2013 Incluir o no en el Sitio Web el material recibido de los usuarios a su criterio. En el caso de incluirlo, podr\u00e1 mantener en el Sitio Web dicho material por el lapso que considere pertinente o modificarlo.<\/p>\n<p>\u2013 Remover, sin que sea obligatorio, contenidos que a juicio de MALU sean ilegales, ofensivos, difamatorios o que de cualquier otra forma violen \u00e9stos Condiciones de Uso. As\u00ed mismo, podr\u00e1n ser retirados los contenidos que violen derechos de propiedad intelectua, a solicitud de \u00e9ste.<\/p>\n<p>\u2013 Utilizar la informaci\u00f3n personal y\/o contenidos suministrados por los Usuarios de acuerdo con las Condiciones de Uso del Sitio Web y la Pol\u00edtica de Privacidad .<\/p>\n<p>&nbsp;<\/p>\n<p>&nbsp;<\/p>\n<h2>Cookies<\/h2>\n<p>Utilizamos diversas cookies. Puedes encontrar un uso detallado de ellas en nuestra pol\u00edtica de cookies en <a href=\"https:\/\/maluropainfanti.com\/lcookies\">https:\/\/maluropainfantil.com\/cookies\/<\/a><\/p>\n<h2>Tratamiento de datos de menores de edad<\/h2>\n<p>Nuestros servicios deben ser utilizados por mayores de 13 a\u00f1os, por lo que en el caso de que no tengas esta edad deber\u00e1s abstener de utilizarlos.<\/p>\n<p>Si detectamos un perfil de usuario menor de esta edad, podr\u00eda ser suspendido o bien se podr\u00e1 solicitar al usuario que acredite su edad para continuar usando el servicio.<\/p>\n<h2>Formulario de contacto<\/h2>\n<p>En nuestros portales existen formularios de contacto para poder hacernos llegar comentarios, sugerencias o propuestas. Estos formularios solicitan la informaci\u00f3n m\u00ednima imprescindible para poder atender estas solicitudes: tu nombre y tu email. Estos datos que nos facilites ser\u00e1n utilizando \u00fanicamente para dar respuesta a tu solicitud, siendo la base del tratamiento de estos datos el inter\u00e9s leg\u00edtimo existente entre la persona que nos escriba y nosotros.<\/p>\n<p>&nbsp;<\/p>\n<h2>Cambios y devoluciones<\/h2>\n<p>Solo reemplazamos art\u00edculos si est\u00e1n defectuosos o da\u00f1ados. Si necesita cambiarlo por el mismo art\u00edculo, env\u00edenos un correo electr\u00f3nico&nbsp; y env\u00ede su art\u00edculo a nuestra direcci\u00f3n f\u00edsica.<\/p>\n<p>Para devolver su producto, debe enviarlo por correo a nuestra direcci\u00f3n f\u00edsica.<\/p>\n<p>Usted ser\u00e1 responsable de pagar sus propios costos de env\u00edo para devolver su art\u00edculo. Los gastos de env\u00edo no son reembolsables. Si recibe un reembolso, el costo del env\u00edo de devoluci\u00f3n se deducir\u00e1 de su reembolso.<\/p>\n<p>Dependiendo de d\u00f3nde viva, el tiempo que puede tardar en llegarle el producto intercambiado puede variar.<\/p>\n<p>Si est\u00e1 devolviendo art\u00edculos m\u00e1s caros, puede considerar usar un servicio de env\u00edo rastreable o comprar un seguro de env\u00edo. No garantizamos que recibiremos su art\u00edculo devuelto.<\/p>\n<p>\u00bfNecesitas ayuda?<\/p>\n<p>Cont\u00e1ctenos para preguntas relacionadas con reembolsos y devoluciones.<\/p><\/p>","protected":false},"excerpt":{"rendered":"<p>Al utilizar nuestros servicios, nos conf\u00edas tus datos. Entendemos que es una gran responsabilidad y nos esforzamos al m\u00e1ximo para proteger tu informaci\u00f3n. Este sitio web utiliza tecnolog\u00edas SSL y TSL de cifrado para seguridad cibern\u00e9tica. Apreciado Usuario: este sitio web tiene como funci\u00f3n principal la venta y promocion de nuestros productos para ni\u00f1os, as\u00ed [&hellip;]<\/p>\n","protected":false},"author":1,"featured_media":0,"parent":0,"menu_order":0,"comment_status":"closed","ping_status":"closed","template":"","meta":{"footnotes":""},"class_list":["post-32","page","type-page","status-publish","hentry"],"jetpack_sharing_enabled":true,"_links":{"self":[{"href":"https:\/\/maluropainfantil.com\/index.php\/wp-json\/wp\/v2\/pages\/32","targetHints":{"allow":["GET"]}}],"collection":[{"href":"https:\/\/maluropainfantil.com\/index.php\/wp-json\/wp\/v2\/pages"}],"about":[{"href":"https:\/\/maluropainfantil.com\/index.php\/wp-json\/wp\/v2\/types\/page"}],"author":[{"embeddable":true,"href":"https:\/\/maluropainfantil.com\/index.php\/wp-json\/wp\/v2\/users\/1"}],"replies":[{"embeddable":true,"href":"https:\/\/maluropainfantil.com\/index.php\/wp-json\/wp\/v2\/comments?post=32"}],"version-history":[{"count":4,"href":"https:\/\/maluropainfantil.com\/index.php\/wp-json\/wp\/v2\/pages\/32\/revisions"}],"predecessor-version":[{"id":3007,"href":"https:\/\/maluropainfantil.com\/index.php\/wp-json\/wp\/v2\/pages\/32\/revisions\/3007"}],"wp:attachment":[{"href":"https:\/\/maluropainfantil.com\/index.php\/wp-json\/wp\/v2\/media?parent=32"}],"curies":[{"name":"wp","href":"https:\/\/api.w.org\/{rel}","templated":true}]}}